{"id":214,"date":"2025-02-24T16:44:35","date_gmt":"2025-02-24T19:44:35","guid":{"rendered":"https:\/\/equinereproductionscience.com\/?page_id=214"},"modified":"2025-04-03T21:37:31","modified_gmt":"2025-04-04T00:37:31","slug":"submissao","status":"publish","type":"page","link":"https:\/\/equinereproductionscience.com\/?page_id=214","title":{"rendered":"submiss\u00e3o"},"content":{"rendered":"<div class=\"members-access-error\">Fa\u00e7a o login para ter acesso a p\u00e1gina de submiss\u00e3o.<\/div>\n","protected":false},"excerpt":{"rendered":"<div class=\"members-access-error\">Fa\u00e7a o login para ter acesso a p\u00e1gina de submiss\u00e3o.<\/div>\n","protected":false},"author":1,"featured_media":0,"parent":0,"menu_order":0,"comment_status":"closed","ping_status":"closed","template":"","meta":{"footnotes":""},"class_list":["post-214","page","type-page","status-publish","hentry"],"_links":{"self":[{"href":"https:\/\/equinereproductionscience.com\/index.php?rest_route=\/wp\/v2\/pages\/214","targetHints":{"allow":["GET"]}}],"collection":[{"href":"https:\/\/equinereproductionscience.com\/index.php?rest_route=\/wp\/v2\/pages"}],"about":[{"href":"https:\/\/equinereproductionscience.com\/index.php?rest_route=\/wp\/v2\/types\/page"}],"author":[{"embeddable":true,"href":"https:\/\/equinereproductionscience.com\/index.php?rest_route=\/wp\/v2\/users\/1"}],"replies":[{"embeddable":true,"href":"https:\/\/equinereproductionscience.com\/index.php?rest_route=%2Fwp%2Fv2%2Fcomments&post=214"}],"version-history":[{"count":2,"href":"https:\/\/equinereproductionscience.com\/index.php?rest_route=\/wp\/v2\/pages\/214\/revisions"}],"predecessor-version":[{"id":287,"href":"https:\/\/equinereproductionscience.com\/index.php?rest_route=\/wp\/v2\/pages\/214\/revisions\/287"}],"wp:attachment":[{"href":"https:\/\/equinereproductionscience.com\/index.php?rest_route=%2Fwp%2Fv2%2Fmedia&parent=214"}],"curies":[{"name":"wp","href":"https:\/\/api.w.org\/{rel}","templated":true}]}}