{"id":155,"date":"2025-02-23T21:11:52","date_gmt":"2025-02-24T00:11:52","guid":{"rendered":"https:\/\/equinereproductionscience.com\/?page_id=155"},"modified":"2025-03-27T18:21:55","modified_gmt":"2025-03-27T21:21:55","slug":"publique","status":"publish","type":"page","link":"https:\/\/equinereproductionscience.com\/?page_id=155","title":{"rendered":"publique"},"content":{"rendered":"\n<p><strong>Submiss\u00e3o de Trabalhos Cient\u00edficos &#8211; Revista Equine Reproduction Science<\/strong><\/p>\n\n\n\n<p>Peri\u00f3dico eletr\u00f4nico Indexado* em bases cient\u00edficas e de\u00a0<strong>publica\u00e7\u00e3o semestral<\/strong>\u00a0exclusivo da \u00e1rea da Reprodu\u00e7\u00e3o Equina, com objetivo de difundir a pesquisa e fomentar o conhecimento, abrangendo trabalhos com perfil qualitativo e quantitativo.<\/p>\n\n\n\n<p>O cadastro deve ser realizado pelo <strong>Autor principal<\/strong>, respons\u00e1vel pelo envio do Trabalho e contato direto com a Revista.<\/p>\n\n\n\n<ul class=\"wp-block-list\">\n<li>A comunica\u00e7\u00e3o Revista\/autor \u00e9 feita diretamente com o Autor Principal.<\/li>\n\n\n\n<li>Altera\u00e7\u00e3o de Autor Principal n\u00e3o ser\u00e1 permitida ap\u00f3s cadastro e submiss\u00e3o.&nbsp;<\/li>\n\n\n\n<li>Em caso de submiss\u00e3o de mais de um Trabalho, ser\u00e1 necess\u00e1rio realizar o cadastro separadamente para cada manuscrito.<\/li>\n<\/ul>\n\n\n\n<p><strong>A Submiss\u00e3o de trabalhos \u00e0 Revista Equine Reproduction Science \u00e9&nbsp;Gratuita&nbsp;e o Autor paga apenas a Taxa de publica\u00e7\u00e3o em caso de aprova\u00e7\u00e3o.<\/strong><\/p>\n\n\n\n<ul class=\"wp-block-list\">\n<li>As normas para autores poder\u00e3o ser consultadas <strong>clicando aqui<\/strong><\/li>\n\n\n\n<li>A An\u00e1lise preliminar&nbsp; \u00e9 realizada pelos editores da revista em at\u00e9 *** ap\u00f3s a submiss\u00e3o&nbsp;<\/li>\n\n\n\n<li>A carta de aceite (em caso de aprova\u00e7\u00e3o prelimitar) \u00e9 liberada ap\u00f3s o pagamento da taxa<\/li>\n\n\n\n<li>Em caso de aprova\u00e7\u00e3o, a taxa de publica\u00e7\u00e3o vigente \u00e9 de&nbsp;R$000,00 (publica\u00e7\u00e3o em ** dias \u00fateis)<\/li>\n\n\n\n<li>O Certificado + Registro de Publica\u00e7\u00e3o Cient\u00edfica \u00e9 opcional e deve ser solicitado \u00e0 Revista mediante taxa de R$ 000,00<\/li>\n<\/ul>\n\n\n\n<p><strong>O valor inclui:<\/strong><br>\u2705 Revis\u00e3o editorial e adequa\u00e7\u00e3o<br>\u2705 Publica\u00e7\u00e3o web<br>\u2705 Edi\u00e7\u00e3o e manuten\u00e7\u00e3o web<br>\u2705 Libera\u00e7\u00e3o do DOI (*)<\/p>\n\n\n\n<p>A Revista Cient\u00edfica Equine Reproduction Science aceita os seguintes formatos de manuscritos:<\/p>\n\n\n\n<ul class=\"wp-block-list\">\n<li><strong>Artigos originais<\/strong><\/li>\n\n\n\n<li><strong>Revis\u00f5es de literatura<\/strong><\/li>\n\n\n\n<li><strong>S\u00e9rie de casos<\/strong><\/li>\n\n\n\n<li><strong>Relatos de caso<\/strong><\/li>\n\n\n\n<li><strong>Artigos de Inicia\u00e7\u00e3o cient\u00edfica<\/strong><\/li>\n<\/ul>\n\n\n\n<p>a ERS recebe a submiss\u00e3o de manuscritos nos idiomas portugu\u00eas. Os manuscritos devem destinar-se exclusivamente \u00e0 Revista Cient\u00edfica ERS, n\u00e3o sendo permitida sua submiss\u00e3o simult\u00e2nea a outro(s) peri\u00f3dico(s).<\/p>\n\n\n\n<p class=\"has-small-font-size\">(*) em processo de libera\u00e7\u00e3o<\/p>\n\n\n\n<p><strong>PREENCHA OS DADOS PARA INICIAR O PROCESSO DE SUBMISS\u00c3O: <a href=\"https:\/\/equinereproductionscience.com\/?page_id=214\" data-type=\"page\" data-id=\"214\">CLIQUE AQUI<\/a><\/strong><\/p>\n\n\n\n<p><\/p>\n\n\n\n<div class=\"wp-block-group is-nowrap is-layout-flex wp-container-core-group-is-layout-ad2f72ca wp-block-group-is-layout-flex\">\n<div class=\"wp-block-buttons is-layout-flex wp-block-buttons-is-layout-flex\">\n<div class=\"wp-block-button\"><a class=\"wp-block-button__link wp-element-button\" href=\"https:\/\/equinereproductionscience.com\/?page_id=254\">Normas de publica\u00e7\u00e3o<\/a><\/div>\n<\/div>\n<\/div>\n\n\n\n<p><\/p>\n","protected":false},"excerpt":{"rendered":"<p>Submiss\u00e3o de Trabalhos Cient\u00edficos &#8211; Revista Equine Reproduction Science Peri\u00f3dico eletr\u00f4nico Indexado* em bases cient\u00edficas e de\u00a0publica\u00e7\u00e3o semestral\u00a0exclusivo da \u00e1rea da Reprodu\u00e7\u00e3o Equina, com objetivo de difundir a pesquisa e &#8230;<\/p>\n","protected":false},"author":1,"featured_media":0,"parent":0,"menu_order":0,"comment_status":"closed","ping_status":"closed","template":"","meta":{"footnotes":""},"class_list":["post-155","page","type-page","status-publish","hentry"],"_links":{"self":[{"href":"https:\/\/equinereproductionscience.com\/index.php?rest_route=\/wp\/v2\/pages\/155","targetHints":{"allow":["GET"]}}],"collection":[{"href":"https:\/\/equinereproductionscience.com\/index.php?rest_route=\/wp\/v2\/pages"}],"about":[{"href":"https:\/\/equinereproductionscience.com\/index.php?rest_route=\/wp\/v2\/types\/page"}],"author":[{"embeddable":true,"href":"https:\/\/equinereproductionscience.com\/index.php?rest_route=\/wp\/v2\/users\/1"}],"replies":[{"embeddable":true,"href":"https:\/\/equinereproductionscience.com\/index.php?rest_route=%2Fwp%2Fv2%2Fcomments&post=155"}],"version-history":[{"count":7,"href":"https:\/\/equinereproductionscience.com\/index.php?rest_route=\/wp\/v2\/pages\/155\/revisions"}],"predecessor-version":[{"id":272,"href":"https:\/\/equinereproductionscience.com\/index.php?rest_route=\/wp\/v2\/pages\/155\/revisions\/272"}],"wp:attachment":[{"href":"https:\/\/equinereproductionscience.com\/index.php?rest_route=%2Fwp%2Fv2%2Fmedia&parent=155"}],"curies":[{"name":"wp","href":"https:\/\/api.w.org\/{rel}","templated":true}]}}