{"id":154,"date":"2025-02-23T21:11:52","date_gmt":"2025-02-24T00:11:52","guid":{"rendered":"https:\/\/equinereproductionscience.com\/?page_id=154"},"modified":"2025-04-04T07:46:03","modified_gmt":"2025-04-04T10:46:03","slug":"index","status":"publish","type":"page","link":"https:\/\/equinereproductionscience.com\/","title":{"rendered":"Home ERS"},"content":{"rendered":"\n<div class=\"wp-block-columns is-layout-flex wp-container-core-columns-is-layout-9d6595d7 wp-block-columns-is-layout-flex\">\n<div class=\"wp-block-column is-layout-flow wp-block-column-is-layout-flow\">\n<figure class=\"wp-block-image size-large\"><img loading=\"lazy\" decoding=\"async\" width=\"1024\" height=\"279\" src=\"https:\/\/equinereproductionscience.com\/wp-content\/uploads\/2025\/02\/dna_fx_b-1-1024x279.png\" alt=\"\" class=\"wp-image-34\" srcset=\"https:\/\/equinereproductionscience.com\/wp-content\/uploads\/2025\/02\/dna_fx_b-1-1024x279.png 1024w, https:\/\/equinereproductionscience.com\/wp-content\/uploads\/2025\/02\/dna_fx_b-1-300x82.png 300w, https:\/\/equinereproductionscience.com\/wp-content\/uploads\/2025\/02\/dna_fx_b-1-768x209.png 768w, https:\/\/equinereproductionscience.com\/wp-content\/uploads\/2025\/02\/dna_fx_b-1-1536x419.png 1536w, https:\/\/equinereproductionscience.com\/wp-content\/uploads\/2025\/02\/dna_fx_b-1-2048x558.png 2048w\" sizes=\"auto, (max-width: 1024px) 100vw, 1024px\" \/><\/figure>\n<\/div>\n<\/div>\n\n\n\n<p class=\"has-text-align-center\"><\/p>\n\n\n\n<h2 class=\"wp-block-heading has-text-align-center\">   Bem vindo a 1\u00aa revista especializada e exclusiva sobre REPRODU\u00c7\u00c3O EQUINA<\/h2>\n\n\n\n<p class=\"has-text-align-center\">_____________________________________________________________<\/p>\n\n\n\n<div class=\"wp-block-columns is-layout-flex wp-container-core-columns-is-layout-9d6595d7 wp-block-columns-is-layout-flex\">\n<div class=\"wp-block-column is-layout-flow wp-block-column-is-layout-flow\"><div class=\"wp-block-image\">\n<figure class=\"aligncenter size-full is-resized\"><img loading=\"lazy\" decoding=\"async\" width=\"225\" height=\"225\" src=\"https:\/\/equinereproductionscience.com\/wp-content\/uploads\/2025\/02\/images-1.png\" alt=\"\" class=\"wp-image-187\" style=\"width:67px;height:auto\" srcset=\"https:\/\/equinereproductionscience.com\/wp-content\/uploads\/2025\/02\/images-1.png 225w, https:\/\/equinereproductionscience.com\/wp-content\/uploads\/2025\/02\/images-1-150x150.png 150w\" sizes=\"auto, (max-width: 225px) 100vw, 225px\" \/><\/figure>\n<\/div>\n\n\n<p class=\"has-text-align-center has-black-color has-text-color has-link-color has-medium-font-size wp-elements-3c6fb528ec6f79076595e164ad9368a7\"><a href=\"https:\/\/equinereproductionscience.com\/?page_id=155\" data-type=\"page\" data-id=\"155\">Publique<\/a><\/p>\n\n\n\n<div class=\"wp-block-group is-nowrap is-layout-flex wp-container-core-group-is-layout-ad2f72ca wp-block-group-is-layout-flex\">\n<p class=\"has-text-align-center has-black-color has-text-color has-link-color wp-elements-61658323c5f9971b6300d9bea14ad6cb\">Publique seu artigo cient\u00edfico na \u00fanica revista especializada na \u00e1rea da Reprodu\u00e7\u00e3o Equina. Fa\u00e7a parte e contribua para o crescimento cient\u00edfico da \u00e1rea.&nbsp;&nbsp;<\/p>\n<\/div>\n<\/div>\n\n\n\n<div class=\"wp-block-column is-layout-flow wp-block-column-is-layout-flow\"><div class=\"wp-block-image\">\n<figure class=\"aligncenter size-full is-resized\"><img loading=\"lazy\" decoding=\"async\" width=\"225\" height=\"225\" src=\"https:\/\/equinereproductionscience.com\/wp-content\/uploads\/2025\/02\/images-2.png\" alt=\"\" class=\"wp-image-189\" style=\"width:74px;height:auto\" srcset=\"https:\/\/equinereproductionscience.com\/wp-content\/uploads\/2025\/02\/images-2.png 225w, https:\/\/equinereproductionscience.com\/wp-content\/uploads\/2025\/02\/images-2-150x150.png 150w\" sizes=\"auto, (max-width: 225px) 100vw, 225px\" \/><\/figure>\n<\/div>\n\n\n<p class=\"has-text-align-center has-black-color has-text-color has-link-color has-medium-font-size wp-elements-becaa88c9a924f204a21a806ee3c1ef7\"><a href=\"https:\/\/equinereproductionscience.com\/?page_id=151\" data-type=\"page\" data-id=\"151\">Artigos<\/a><\/p>\n\n\n\n<p class=\"has-text-align-center has-black-color has-text-color has-link-color wp-elements-724de8392fa8cda6b04625e87aaaa589\">Artigos publicados <\/p>\n<\/div>\n\n\n\n<div class=\"wp-block-column is-layout-flow wp-block-column-is-layout-flow\"><div class=\"wp-block-image\">\n<figure class=\"aligncenter size-full is-resized\"><img loading=\"lazy\" decoding=\"async\" width=\"225\" height=\"225\" src=\"https:\/\/equinereproductionscience.com\/wp-content\/uploads\/2025\/02\/images-2-1.png\" alt=\"\" class=\"wp-image-190\" style=\"width:75px;height:auto\" srcset=\"https:\/\/equinereproductionscience.com\/wp-content\/uploads\/2025\/02\/images-2-1.png 225w, https:\/\/equinereproductionscience.com\/wp-content\/uploads\/2025\/02\/images-2-1-150x150.png 150w\" sizes=\"auto, (max-width: 225px) 100vw, 225px\" \/><\/figure>\n<\/div>\n\n\n<p class=\"has-text-align-center has-black-color has-text-color has-link-color has-medium-font-size wp-elements-7733f2008f7e0c3fbbe2540e5c4ecf8d\"><a href=\"https:\/\/equinereproductionscience.com\/?page_id=344\" data-type=\"page\" data-id=\"344\">Contato<\/a><\/p>\n\n\n\n<p class=\"has-text-align-center has-black-color has-text-color has-link-color wp-elements-7f003c7015767e12bb67c1cd354592e6\">Entre em contato conosco.&nbsp;<\/p>\n<\/div>\n<\/div>\n\n\n\n<h1 class=\"wp-block-heading has-text-align-center has-black-color has-text-color has-link-color wp-elements-6a32ca2b86dab79d006d455869de1058\">          uma nova era da medicina reprodutiva, um passo para o&nbsp;<\/h1>\n\n\n\n<p class=\"has-text-align-center has-vivid-cyan-blue-color has-text-color has-link-color has-large-font-size wp-elements-a33ec77b7b1fb006cbebe4b00bb9081d\"><strong>futuro da Reprodu\u00e7\u00e3o Equina<\/strong><\/p>\n\n\n\n<h4 class=\"wp-block-heading\"><\/h4>\n\n\n\n<p><\/p>\n","protected":false},"excerpt":{"rendered":"<p>Bem vindo a 1\u00aa revista especializada e exclusiva sobre REPRODU\u00c7\u00c3O EQUINA _____________________________________________________________ Publique Publique seu artigo cient\u00edfico na \u00fanica revista especializada na \u00e1rea da Reprodu\u00e7\u00e3o Equina. Fa\u00e7a parte e contribua &#8230;<\/p>\n","protected":false},"author":1,"featured_media":0,"parent":0,"menu_order":0,"comment_status":"closed","ping_status":"closed","template":"","meta":{"footnotes":""},"class_list":["post-154","page","type-page","status-publish","hentry"],"_links":{"self":[{"href":"https:\/\/equinereproductionscience.com\/index.php?rest_route=\/wp\/v2\/pages\/154","targetHints":{"allow":["GET"]}}],"collection":[{"href":"https:\/\/equinereproductionscience.com\/index.php?rest_route=\/wp\/v2\/pages"}],"about":[{"href":"https:\/\/equinereproductionscience.com\/index.php?rest_route=\/wp\/v2\/types\/page"}],"author":[{"embeddable":true,"href":"https:\/\/equinereproductionscience.com\/index.php?rest_route=\/wp\/v2\/users\/1"}],"replies":[{"embeddable":true,"href":"https:\/\/equinereproductionscience.com\/index.php?rest_route=%2Fwp%2Fv2%2Fcomments&post=154"}],"version-history":[{"count":22,"href":"https:\/\/equinereproductionscience.com\/index.php?rest_route=\/wp\/v2\/pages\/154\/revisions"}],"predecessor-version":[{"id":410,"href":"https:\/\/equinereproductionscience.com\/index.php?rest_route=\/wp\/v2\/pages\/154\/revisions\/410"}],"wp:attachment":[{"href":"https:\/\/equinereproductionscience.com\/index.php?rest_route=%2Fwp%2Fv2%2Fmedia&parent=154"}],"curies":[{"name":"wp","href":"https:\/\/api.w.org\/{rel}","templated":true}]}}