{"id":151,"date":"2025-02-23T21:11:52","date_gmt":"2025-02-24T00:11:52","guid":{"rendered":"https:\/\/equinereproductionscience.com\/?page_id=151"},"modified":"2025-09-08T12:12:03","modified_gmt":"2025-09-08T15:12:03","slug":"artigos","status":"publish","type":"page","link":"https:\/\/equinereproductionscience.com\/?page_id=151","title":{"rendered":"artigos"},"content":{"rendered":"\n<p><\/p>\n\n\n\n<p><a href=\"https:\/\/equinereproductionscience.com\/?page_id=415\" data-type=\"page\" data-id=\"415\">Volume 01, N\u00famero 01<\/a><\/p>\n\n\n\n<p><\/p>\n\n\n\n<p>Envie seu artigo cient\u00edfico e fa\u00e7a parte do primeiro volume da revista Equine Reproduction Science<\/p>\n\n\n\n<p><\/p>\n","protected":false},"excerpt":{"rendered":"<p>Volume 01, N\u00famero 01 Envie seu artigo cient\u00edfico e fa\u00e7a parte do primeiro volume da revista Equine Reproduction Science<\/p>\n","protected":false},"author":1,"featured_media":0,"parent":0,"menu_order":0,"comment_status":"closed","ping_status":"closed","template":"","meta":{"footnotes":""},"class_list":["post-151","page","type-page","status-publish","hentry"],"_links":{"self":[{"href":"https:\/\/equinereproductionscience.com\/index.php?rest_route=\/wp\/v2\/pages\/151","targetHints":{"allow":["GET"]}}],"collection":[{"href":"https:\/\/equinereproductionscience.com\/index.php?rest_route=\/wp\/v2\/pages"}],"about":[{"href":"https:\/\/equinereproductionscience.com\/index.php?rest_route=\/wp\/v2\/types\/page"}],"author":[{"embeddable":true,"href":"https:\/\/equinereproductionscience.com\/index.php?rest_route=\/wp\/v2\/users\/1"}],"replies":[{"embeddable":true,"href":"https:\/\/equinereproductionscience.com\/index.php?rest_route=%2Fwp%2Fv2%2Fcomments&post=151"}],"version-history":[{"count":5,"href":"https:\/\/equinereproductionscience.com\/index.php?rest_route=\/wp\/v2\/pages\/151\/revisions"}],"predecessor-version":[{"id":424,"href":"https:\/\/equinereproductionscience.com\/index.php?rest_route=\/wp\/v2\/pages\/151\/revisions\/424"}],"wp:attachment":[{"href":"https:\/\/equinereproductionscience.com\/index.php?rest_route=%2Fwp%2Fv2%2Fmedia&parent=151"}],"curies":[{"name":"wp","href":"https:\/\/api.w.org\/{rel}","templated":true}]}}